{"id":6025,"date":"2020-10-18T07:28:18","date_gmt":"2020-10-18T07:28:18","guid":{"rendered":"http:\/\/nationalromacentrum.org\/en\/?page_id=6025"},"modified":"2021-07-04T17:21:16","modified_gmt":"2021-07-04T17:21:16","slug":"erasmus-ii","status":"publish","type":"page","link":"https:\/\/nationalromacentrum.org\/en\/erasmus-ii","title":{"rendered":"Project Supporting the Social Inclusion of Young Roma Through Non-Formal Education"},"content":{"rendered":"\n<figure class=\"wp-block-image size-large is-resized\"><img loading=\"lazy\" decoding=\"async\" src=\"https:\/\/nationalromacentrum.org\/en\/wp-content\/uploads\/2021\/07\/err.jpg\" alt=\"\" class=\"wp-image-6294\" width=\"748\" height=\"95\"\/><figcaption><strong>Association National Roma Centrum started with the implementation of the project:<\/strong><\/figcaption><\/figure>\n\n\n\n<ul class=\"wp-block-list\"><li><strong>Supporting social inclusion and young Roma through non-formal education Erasmus + Program<\/strong><\/li><li><strong>\u041f\u043e\u0434\u0434\u0440\u0448\u043a\u0430 \u043d\u0430 \u0441\u043e\u0446\u0438\u0458\u0430\u043b\u043d\u0430 \u0438\u043d\u043a\u043b\u0443\u0437\u0438\u0458\u0430 \u0438 \u043c\u043b\u0430\u0434\u0438\u0442\u0435 \u0440\u043e\u043c\u0438 \u043f\u0440\u0435\u043a\u0443 \u043d\u0435\u0444\u043e\u0440\u043c\u0430\u043b\u043d\u043e\u0442\u043e \u043e\u0431\u0440\u0430\u0437\u043e\u0432\u0430\u043d\u0438\u0435 \u041f\u0440\u043e\u0433\u0440\u0430\u043c\u0430 \u0415\u0440\u0430\u0437\u043c\u0443\u0441 +<\/strong><\/li><li><strong>Suporto ki socijalno inkluzija Terne Romenge thrujal ne-formalno edukacija Programa Erasmus+<\/strong><\/li><li><strong>Mb\u00ebshtetja e p\u00ebrfshirjes sociale dhe t\u00eb rinjve rom\u00eb p\u00ebrmes arsimit joformal Programi Erasmus +<\/strong><\/li><li><strong>\u041f\u043e\u0434\u043f\u043e\u043c\u0430\u0433\u0430\u043d\u0435 \u043d\u0430 \u0441\u043e\u0446\u0438\u0430\u043b\u043d\u043e\u0442\u043e \u043f\u0440\u0438\u043e\u0431\u0449\u0430\u0432\u0430\u043d\u0435 \u0438 \u043c\u043b\u0430\u0434\u0438\u0442\u0435 \u0440\u043e\u043c\u0438 \u0447\u0440\u0435\u0437 \u043d\u0435\u0444\u043e\u0440\u043c\u0430\u043b\u043d\u043e \u043e\u0431\u0440\u0430\u0437\u043e\u0432\u0430\u043d\u0438\u0435 \u041f\u0440\u043e\u0433\u0440\u0430\u043c\u0430 \u0415\u0440\u0430\u0437\u044a\u043c +<\/strong><\/li><\/ul>\n\n\n\n<figure class=\"wp-block-image size-large is-resized\"><img loading=\"lazy\" decoding=\"async\" src=\"https:\/\/nationalromacentrum.org\/en\/wp-content\/uploads\/2021\/07\/\u0444\u0438\u043d\u0430\u043b.jpg\" alt=\"\" class=\"wp-image-6295\" width=\"473\" height=\"127\"\/><\/figure>\n\n\n\n<div class=\"wp-block-buttons is-layout-flex wp-block-buttons-is-layout-flex\">\n<div class=\"wp-block-button is-style-outline is-style-outline--1\"><a class=\"wp-block-button__link\" href=\"http:\/\/erasmus.irca.al\/\" target=\"_blank\" rel=\"noreferrer noopener\">Irca Activities<\/a><\/div>\n\n\n\n<div class=\"wp-block-button is-style-outline is-style-outline--2\"><a class=\"wp-block-button__link\" href=\"https:\/\/nationalromacentrum.org\/en\/category\/supporting-the-social-inclusion-of-young-roma-through-non-formal-education-part-ii-supporting-the-social-inclusion-of-young-roma-through-non-formal-education-part-ii\" target=\"_blank\" rel=\"noreferrer noopener\">NRC ACtivities 2019-2021<\/a><\/div>\n\n\n\n<div class=\"wp-block-button is-style-outline is-style-outline--3\"><a class=\"wp-block-button__link\" href=\"http:\/\/akademika245.com\/\">Akademika Acivities<\/a><\/div>\n\n\n\n<div class=\"wp-block-button is-style-outline is-style-outline--4\"><a class=\"wp-block-button__link\">NRC ACtivities 2019-2021<\/a><\/div>\n<\/div>\n","protected":false},"excerpt":{"rendered":"<p>Supporting social inclusion and young Roma through non-formal education Erasmus + Program \u041f\u043e\u0434\u0434\u0440\u0448\u043a\u0430 \u043d\u0430 \u0441\u043e\u0446\u0438\u0458\u0430\u043b\u043d\u0430 \u0438\u043d\u043a\u043b\u0443\u0437\u0438\u0458\u0430 \u0438 \u043c\u043b\u0430\u0434\u0438\u0442\u0435 \u0440\u043e\u043c\u0438 \u043f\u0440\u0435\u043a\u0443 \u043d\u0435\u0444\u043e\u0440\u043c\u0430\u043b\u043d\u043e\u0442\u043e \u043e\u0431\u0440\u0430\u0437\u043e\u0432\u0430\u043d\u0438\u0435 \u041f\u0440\u043e\u0433\u0440\u0430\u043c\u0430 \u0415\u0440\u0430\u0437\u043c\u0443\u0441 + Suporto ki socijalno inkluzija Terne Romenge thrujal ne-formalno edukacija Programa Erasmus+ Mb\u00ebshtetja e p\u00ebrfshirjes sociale dhe t\u00eb rinjve rom\u00eb p\u00ebrmes arsimit joformal Programi Erasmus + \u041f\u043e\u0434\u043f\u043e\u043c\u0430\u0433\u0430\u043d\u0435 \u043d\u0430 \u0441\u043e\u0446\u0438\u0430\u043b\u043d\u043e\u0442\u043e \u043f\u0440\u0438\u043e\u0431\u0449\u0430\u0432\u0430\u043d\u0435 \u0438 [&hellip;]<\/p>\n","protected":false},"author":11,"featured_media":0,"parent":0,"menu_order":0,"comment_status":"closed","ping_status":"closed","template":"","meta":{"ngg_post_thumbnail":0,"footnotes":""},"class_list":["post-6025","page","type-page","status-publish","hentry"],"yoast_head":"<!-- This site is optimized with the Yoast SEO plugin v25.3 - https:\/\/yoast.com\/wordpress\/plugins\/seo\/ -->\n<title>Project Supporting the Social Inclusion of Young Roma Through Non-Formal Education - National Roma Centrum<\/title>\n<meta name=\"robots\" content=\"index, follow, max-snippet:-1, max-image-preview:large, max-video-preview:-1\" \/>\n<link rel=\"canonical\" href=\"https:\/\/nationalromacentrum.org\/en\/erasmus-ii\" \/>\n<meta property=\"og:locale\" content=\"en_US\" \/>\n<meta property=\"og:type\" content=\"article\" \/>\n<meta property=\"og:title\" content=\"Project Supporting the Social Inclusion of Young Roma Through Non-Formal Education - National Roma Centrum\" \/>\n<meta property=\"og:description\" content=\"Supporting social inclusion and young Roma through non-formal education Erasmus + Program \u041f\u043e\u0434\u0434\u0440\u0448\u043a\u0430 \u043d\u0430 \u0441\u043e\u0446\u0438\u0458\u0430\u043b\u043d\u0430 \u0438\u043d\u043a\u043b\u0443\u0437\u0438\u0458\u0430 \u0438 \u043c\u043b\u0430\u0434\u0438\u0442\u0435 \u0440\u043e\u043c\u0438 \u043f\u0440\u0435\u043a\u0443 \u043d\u0435\u0444\u043e\u0440\u043c\u0430\u043b\u043d\u043e\u0442\u043e \u043e\u0431\u0440\u0430\u0437\u043e\u0432\u0430\u043d\u0438\u0435 \u041f\u0440\u043e\u0433\u0440\u0430\u043c\u0430 \u0415\u0440\u0430\u0437\u043c\u0443\u0441 + Suporto ki socijalno inkluzija Terne Romenge thrujal ne-formalno edukacija Programa Erasmus+ Mb\u00ebshtetja e p\u00ebrfshirjes sociale dhe t\u00eb rinjve rom\u00eb p\u00ebrmes arsimit joformal Programi Erasmus + \u041f\u043e\u0434\u043f\u043e\u043c\u0430\u0433\u0430\u043d\u0435 \u043d\u0430 \u0441\u043e\u0446\u0438\u0430\u043b\u043d\u043e\u0442\u043e \u043f\u0440\u0438\u043e\u0431\u0449\u0430\u0432\u0430\u043d\u0435 \u0438 [&hellip;]\" \/>\n<meta property=\"og:url\" content=\"https:\/\/nationalromacentrum.org\/en\/erasmus-ii\" \/>\n<meta property=\"og:site_name\" content=\"National Roma Centrum\" \/>\n<meta property=\"article:modified_time\" content=\"2021-07-04T17:21:16+00:00\" \/>\n<meta property=\"og:image\" content=\"http:\/\/nationalromacentrum.org\/en\/wp-content\/uploads\/2021\/07\/err.jpg\" \/>\n<meta name=\"twitter:card\" content=\"summary_large_image\" \/>\n<script type=\"application\/ld+json\" class=\"yoast-schema-graph\">{\"@context\":\"https:\/\/schema.org\",\"@graph\":[{\"@type\":\"WebPage\",\"@id\":\"https:\/\/nationalromacentrum.org\/en\/erasmus-ii\",\"url\":\"https:\/\/nationalromacentrum.org\/en\/erasmus-ii\",\"name\":\"Project Supporting the Social Inclusion of Young Roma Through Non-Formal Education - National Roma Centrum\",\"isPartOf\":{\"@id\":\"https:\/\/nationalromacentrum.org\/en\/#website\"},\"primaryImageOfPage\":{\"@id\":\"https:\/\/nationalromacentrum.org\/en\/erasmus-ii#primaryimage\"},\"image\":{\"@id\":\"https:\/\/nationalromacentrum.org\/en\/erasmus-ii#primaryimage\"},\"thumbnailUrl\":\"http:\/\/nationalromacentrum.org\/en\/wp-content\/uploads\/2021\/07\/err.jpg\",\"datePublished\":\"2020-10-18T07:28:18+00:00\",\"dateModified\":\"2021-07-04T17:21:16+00:00\",\"breadcrumb\":{\"@id\":\"https:\/\/nationalromacentrum.org\/en\/erasmus-ii#breadcrumb\"},\"inLanguage\":\"en-US\",\"potentialAction\":[{\"@type\":\"ReadAction\",\"target\":[\"https:\/\/nationalromacentrum.org\/en\/erasmus-ii\"]}]},{\"@type\":\"ImageObject\",\"inLanguage\":\"en-US\",\"@id\":\"https:\/\/nationalromacentrum.org\/en\/erasmus-ii#primaryimage\",\"url\":\"http:\/\/nationalromacentrum.org\/en\/wp-content\/uploads\/2021\/07\/err.jpg\",\"contentUrl\":\"http:\/\/nationalromacentrum.org\/en\/wp-content\/uploads\/2021\/07\/err.jpg\"},{\"@type\":\"BreadcrumbList\",\"@id\":\"https:\/\/nationalromacentrum.org\/en\/erasmus-ii#breadcrumb\",\"itemListElement\":[{\"@type\":\"ListItem\",\"position\":1,\"name\":\"Home\",\"item\":\"https:\/\/nationalromacentrum.org\/en\/\"},{\"@type\":\"ListItem\",\"position\":2,\"name\":\"Project Supporting the Social Inclusion of Young Roma Through Non-Formal Education\"}]},{\"@type\":\"WebSite\",\"@id\":\"https:\/\/nationalromacentrum.org\/en\/#website\",\"url\":\"https:\/\/nationalromacentrum.org\/en\/\",\"name\":\"National Roma Centrum\",\"description\":\"\",\"potentialAction\":[{\"@type\":\"SearchAction\",\"target\":{\"@type\":\"EntryPoint\",\"urlTemplate\":\"https:\/\/nationalromacentrum.org\/en\/?s={search_term_string}\"},\"query-input\":{\"@type\":\"PropertyValueSpecification\",\"valueRequired\":true,\"valueName\":\"search_term_string\"}}],\"inLanguage\":\"en-US\"}]}<\/script>\n<!-- \/ Yoast SEO plugin. -->","yoast_head_json":{"title":"Project Supporting the Social Inclusion of Young Roma Through Non-Formal Education - National Roma Centrum","robots":{"index":"index","follow":"follow","max-snippet":"max-snippet:-1","max-image-preview":"max-image-preview:large","max-video-preview":"max-video-preview:-1"},"canonical":"https:\/\/nationalromacentrum.org\/en\/erasmus-ii","og_locale":"en_US","og_type":"article","og_title":"Project Supporting the Social Inclusion of Young Roma Through Non-Formal Education - National Roma Centrum","og_description":"Supporting social inclusion and young Roma through non-formal education Erasmus + Program \u041f\u043e\u0434\u0434\u0440\u0448\u043a\u0430 \u043d\u0430 \u0441\u043e\u0446\u0438\u0458\u0430\u043b\u043d\u0430 \u0438\u043d\u043a\u043b\u0443\u0437\u0438\u0458\u0430 \u0438 \u043c\u043b\u0430\u0434\u0438\u0442\u0435 \u0440\u043e\u043c\u0438 \u043f\u0440\u0435\u043a\u0443 \u043d\u0435\u0444\u043e\u0440\u043c\u0430\u043b\u043d\u043e\u0442\u043e \u043e\u0431\u0440\u0430\u0437\u043e\u0432\u0430\u043d\u0438\u0435 \u041f\u0440\u043e\u0433\u0440\u0430\u043c\u0430 \u0415\u0440\u0430\u0437\u043c\u0443\u0441 + Suporto ki socijalno inkluzija Terne Romenge thrujal ne-formalno edukacija Programa Erasmus+ Mb\u00ebshtetja e p\u00ebrfshirjes sociale dhe t\u00eb rinjve rom\u00eb p\u00ebrmes arsimit joformal Programi Erasmus + \u041f\u043e\u0434\u043f\u043e\u043c\u0430\u0433\u0430\u043d\u0435 \u043d\u0430 \u0441\u043e\u0446\u0438\u0430\u043b\u043d\u043e\u0442\u043e \u043f\u0440\u0438\u043e\u0431\u0449\u0430\u0432\u0430\u043d\u0435 \u0438 [&hellip;]","og_url":"https:\/\/nationalromacentrum.org\/en\/erasmus-ii","og_site_name":"National Roma Centrum","article_modified_time":"2021-07-04T17:21:16+00:00","og_image":[{"url":"http:\/\/nationalromacentrum.org\/en\/wp-content\/uploads\/2021\/07\/err.jpg","type":"","width":"","height":""}],"twitter_card":"summary_large_image","schema":{"@context":"https:\/\/schema.org","@graph":[{"@type":"WebPage","@id":"https:\/\/nationalromacentrum.org\/en\/erasmus-ii","url":"https:\/\/nationalromacentrum.org\/en\/erasmus-ii","name":"Project Supporting the Social Inclusion of Young Roma Through Non-Formal Education - National Roma Centrum","isPartOf":{"@id":"https:\/\/nationalromacentrum.org\/en\/#website"},"primaryImageOfPage":{"@id":"https:\/\/nationalromacentrum.org\/en\/erasmus-ii#primaryimage"},"image":{"@id":"https:\/\/nationalromacentrum.org\/en\/erasmus-ii#primaryimage"},"thumbnailUrl":"http:\/\/nationalromacentrum.org\/en\/wp-content\/uploads\/2021\/07\/err.jpg","datePublished":"2020-10-18T07:28:18+00:00","dateModified":"2021-07-04T17:21:16+00:00","breadcrumb":{"@id":"https:\/\/nationalromacentrum.org\/en\/erasmus-ii#breadcrumb"},"inLanguage":"en-US","potentialAction":[{"@type":"ReadAction","target":["https:\/\/nationalromacentrum.org\/en\/erasmus-ii"]}]},{"@type":"ImageObject","inLanguage":"en-US","@id":"https:\/\/nationalromacentrum.org\/en\/erasmus-ii#primaryimage","url":"http:\/\/nationalromacentrum.org\/en\/wp-content\/uploads\/2021\/07\/err.jpg","contentUrl":"http:\/\/nationalromacentrum.org\/en\/wp-content\/uploads\/2021\/07\/err.jpg"},{"@type":"BreadcrumbList","@id":"https:\/\/nationalromacentrum.org\/en\/erasmus-ii#breadcrumb","itemListElement":[{"@type":"ListItem","position":1,"name":"Home","item":"https:\/\/nationalromacentrum.org\/en\/"},{"@type":"ListItem","position":2,"name":"Project Supporting the Social Inclusion of Young Roma Through Non-Formal Education"}]},{"@type":"WebSite","@id":"https:\/\/nationalromacentrum.org\/en\/#website","url":"https:\/\/nationalromacentrum.org\/en\/","name":"National Roma Centrum","description":"","potentialAction":[{"@type":"SearchAction","target":{"@type":"EntryPoint","urlTemplate":"https:\/\/nationalromacentrum.org\/en\/?s={search_term_string}"},"query-input":{"@type":"PropertyValueSpecification","valueRequired":true,"valueName":"search_term_string"}}],"inLanguage":"en-US"}]}},"_links":{"self":[{"href":"https:\/\/nationalromacentrum.org\/en\/wp-json\/wp\/v2\/pages\/6025","targetHints":{"allow":["GET"]}}],"collection":[{"href":"https:\/\/nationalromacentrum.org\/en\/wp-json\/wp\/v2\/pages"}],"about":[{"href":"https:\/\/nationalromacentrum.org\/en\/wp-json\/wp\/v2\/types\/page"}],"author":[{"embeddable":true,"href":"https:\/\/nationalromacentrum.org\/en\/wp-json\/wp\/v2\/users\/11"}],"replies":[{"embeddable":true,"href":"https:\/\/nationalromacentrum.org\/en\/wp-json\/wp\/v2\/comments?post=6025"}],"version-history":[{"count":27,"href":"https:\/\/nationalromacentrum.org\/en\/wp-json\/wp\/v2\/pages\/6025\/revisions"}],"predecessor-version":[{"id":6306,"href":"https:\/\/nationalromacentrum.org\/en\/wp-json\/wp\/v2\/pages\/6025\/revisions\/6306"}],"wp:attachment":[{"href":"https:\/\/nationalromacentrum.org\/en\/wp-json\/wp\/v2\/media?parent=6025"}],"curies":[{"name":"wp","href":"https:\/\/api.w.org\/{rel}","templated":true}]}}